{"id":635,"date":"2015-03-18T07:23:52","date_gmt":"2015-03-18T07:23:52","guid":{"rendered":"http:\/\/www.chateau-brown.com\/2015\/?page_id=635"},"modified":"2022-01-31T13:53:30","modified_gmt":"2022-01-31T12:53:30","slug":"mentions-legales","status":"publish","type":"page","link":"https:\/\/www.chateau-brown.com\/en\/mentions-legales\/","title":{"rendered":"Mentions l\u00e9gales \/ Cr\u00e9dits"},"content":{"rendered":"<h3>I \u2013 PR\u00c9SENTATION<\/h3>\n<p><strong>1. \u00c9DITEUR<\/strong><br \/>\nLe site Internet www.chateau-brown.com (ci-apr\u00e8s d\u00e9nomm\u00e9 \u00ab Site \u00bb) est \u00e9dit\u00e9 par la SCEA Ch\u00e2teau Brown, soci\u00e9t\u00e9 civile d\u2019exploitation agricole au capital de 4\u00a0482 240 Euros, immatricul\u00e9e au Registre du Commerce et des Soci\u00e9t\u00e9s de Bordeaux sous le num\u00e9ro B350345690, dont le si\u00e8ge social est situ\u00e9 Ch\u00e2teau Brown, 33850 L\u00e9ognan, France (ci-apr\u00e8s d\u00e9nomm\u00e9e \u00ab Ch\u00e2teau Brown \u00bb).<br \/>\nT\u00e9l. : + 33 5 56 87 08 10<br \/>\nDirecteur de la publication : Jean-Christophe Mau<\/p>\n<p><strong>2. ACC\u00c8S AU SITE<\/strong><br \/>\nLa connexion au site www.chateau-brown.com implique l\u2019acceptation des pr\u00e9sentes Mentions L\u00e9gales.<br \/>\nLa SCEA Ch\u00e2teau Brown se r\u00e9serve le droit de modifier et d\u2019actualiser \u00e0 tout moment les pr\u00e9sentes Mentions L\u00e9gales \u00e9tant pr\u00e9cis\u00e9 que la modification et l\u2019actualisation des Mentions L\u00e9gales s\u2019imposent d\u00e8s leur mise en ligne.<br \/>\nLa SCEA Ch\u00e2teau Brown tient \u00e0 jour ce Site pour l\u2019usage des personnes l\u00e9galement autoris\u00e9es \u00e0 consommer ou \u00e0 acheter des boissons alcoolis\u00e9es, et ce dans les pays dans lesquels la consommation ou l\u2019achat des boissons alcoolis\u00e9es est l\u00e9gale.<\/p>\n<h3>II \u2013 PROPRI\u00c9T\u00c9 INTELLECTUELLE<\/h3>\n<p><strong>1. TITULARIT\u00c9<\/strong><br \/>\nLa SCEA Ch\u00e2teau Brown est titulaire du nom de domaine du Site.<br \/>\nCe Site et tous les logiciels utilis\u00e9s en liaison avec le Site peuvent contenir des informations confidentielles ou des informations prot\u00e9g\u00e9es par la l\u00e9gislation sur la propri\u00e9t\u00e9 intellectuelle ou par d&rsquo;autres lois.<br \/>\nPar cons\u00e9quent, sauf mention contraire, les droits de propri\u00e9t\u00e9 intellectuelle sur les documents contenus sur le Site et chacun des \u00e9l\u00e9ments cr\u00e9\u00e9s pour le Site sont la propri\u00e9t\u00e9 exclusive de la SCEA Ch\u00e2teau Brown, Ch\u00e2teau Brown ne conc\u00e9dant aucune licence d&rsquo;utilisation ni aucun autre droit sur ces \u00e9l\u00e9ments, \u00e0 l&rsquo;exception du droit de consultation accord\u00e9 aux utilisateurs d&rsquo;Internet.<\/p>\n<p><strong>2. SANCTIONS<\/strong><br \/>\nL\u2019usage de tout ou partie du Site, notamment par t\u00e9l\u00e9chargement, reproduction, transmission, repr\u00e9sentation ou diffusion \u00e0 d\u2019autres fins que pour l\u2019usage personnel et priv\u00e9 dans un but non commercial de l\u2019internaute est strictement interdit. La violation des droits de la SCEA Ch\u00e2teau Brown expose son auteur aux sanctions pr\u00e9vues tant par le Code de la propri\u00e9t\u00e9 intellectuelle au titre, notamment, de la contrefa\u00e7on de droits d\u2019auteur (article L. 335-1 et suivants), de droit de marques (article L. 716-1 et suivants) que par le Code civil en mati\u00e8re de responsabilit\u00e9 civile (article 9, articles 1382 et suivants).<\/p>\n<h3>III \u2013 RESPONSABILIT\u00c9<\/h3>\n<p><strong>1. LIMITATION DE RESPONSABILIT\u00c9<\/strong><br \/>\nLa SCEA Ch\u00e2teau Brown s&rsquo;engage \u00e0 assurer, dans toute la mesure de ses moyens, que les informations publi\u00e9es sur le Site sont correctes et \u00e0 jour. Toutefois, la SCEA Ch\u00e2teau Brown ne peut pas garantir l&rsquo;exactitude et l&rsquo;exhaustivit\u00e9 des informations fournies sur le Site, ainsi que les informations provenant de tierces personnes.<br \/>\nDe ce fait, la SCEA Ch\u00e2teau Brown d\u00e9cline toute responsabilit\u00e9 :<br \/>\n&#8211; pour toute interruption \u00e9ventuelle du Site ;<br \/>\n&#8211; pour tout d\u00e9faut de fonctionnement ;<br \/>\n&#8211; pour toute erreur ou omission quant aux informations publi\u00e9es sur le Site ;<br \/>\n&#8211; pour tout dommage r\u00e9sultant de l&rsquo;intrusion non autoris\u00e9e d&rsquo;un tiers ayant modifi\u00e9 les informations fournies sur ce Site ;<br \/>\n&#8211; pour tout dommage direct ou indirect, quelles qu&rsquo;en soient la ou les causes, nature, origine ou cons\u00e9quences.<\/p>\n<p><strong>2. LIENS HYPERTEXTES<\/strong><br \/>\nLe Site peut inclure des liens vers d&rsquo;autres sites web ou pages Internet. La SCEA Ch\u00e2teau Brown n&rsquo;a pas la ma\u00eetrise de ces sites et \u00e9l\u00e9ments externes. De ce fait, la SCEA Ch\u00e2teau Brown ne peut \u00eatre tenu pour responsable de ces sites et \u00e9l\u00e9ments externes et d\u00e9cline toute responsabilit\u00e9 concernant les contenus, la publicit\u00e9, les produits, les services et tout autre \u00e9l\u00e9ment disponible sur ces sites ou par lien externe. En outre, la SCEA Ch\u00e2teau Brown ne peut \u00eatre tenue responsable de tous dommages ou pertes av\u00e9r\u00e9s ou all\u00e9gu\u00e9s cons\u00e9cutifs ou en relation avec l\u2019acc\u00e8s, l\u2019utilisation ou le fait d\u2019avoir fait confiance au contenu, \u00e0 des biens ou des services disponibles sur ces sites ou sources externes.<\/p>\n<p>&nbsp;<\/p>\n","protected":false},"excerpt":{"rendered":"<p>I \u2013 PR\u00c9SENTATION 1. \u00c9DITEUR Le site Internet www.chateau-brown.com (ci-apr\u00e8s d\u00e9nomm\u00e9 \u00ab Site \u00bb) est \u00e9dit\u00e9 par la SCEA Ch\u00e2teau Brown, soci\u00e9t\u00e9 civile d\u2019exploitation agricole au capital de 4\u00a0482 240 Euros, immatricul\u00e9e au Registre du Commerce et des Soci\u00e9t\u00e9s de Bordeaux sous le num\u00e9ro B350345690, dont le si\u00e8ge social est situ\u00e9 Ch\u00e2teau Brown, 33850 L\u00e9ognan, [&hellip;]<\/p>\n","protected":false},"author":1,"featured_media":0,"parent":0,"menu_order":0,"comment_status":"open","ping_status":"open","template":"page-credits.php","meta":{"_acf_changed":false,"_uag_custom_page_level_css":"","footnotes":""},"tags":[],"class_list":["post-635","page","type-page","status-publish","hentry"],"acf":[],"uagb_featured_image_src":{"full":false,"thumbnail":false,"medium":false,"medium_large":false,"large":false,"1536x1536":false,"2048x2048":false,"actualites":false,"woocommerce_thumbnail":false,"woocommerce_single":false,"woocommerce_gallery_thumbnail":false},"uagb_author_info":{"display_name":"franck","author_link":"https:\/\/www.chateau-brown.com\/en\/author\/franck\/"},"uagb_comment_info":0,"uagb_excerpt":"I \u2013 PR\u00c9SENTATION 1. \u00c9DITEUR Le site Internet www.chateau-brown.com (ci-apr\u00e8s d\u00e9nomm\u00e9 \u00ab Site \u00bb) est \u00e9dit\u00e9 par la SCEA Ch\u00e2teau Brown, soci\u00e9t\u00e9 civile d\u2019exploitation agricole au capital de 4\u00a0482 240 Euros, immatricul\u00e9e au Registre du Commerce et des Soci\u00e9t\u00e9s de Bordeaux sous le num\u00e9ro B350345690, dont le si\u00e8ge social est situ\u00e9 Ch\u00e2teau Brown, 33850 L\u00e9ognan,\u2026","_links":{"self":[{"href":"https:\/\/www.chateau-brown.com\/en\/wp-json\/wp\/v2\/pages\/635","targetHints":{"allow":["GET"]}}],"collection":[{"href":"https:\/\/www.chateau-brown.com\/en\/wp-json\/wp\/v2\/pages"}],"about":[{"href":"https:\/\/www.chateau-brown.com\/en\/wp-json\/wp\/v2\/types\/page"}],"author":[{"embeddable":true,"href":"https:\/\/www.chateau-brown.com\/en\/wp-json\/wp\/v2\/users\/1"}],"replies":[{"embeddable":true,"href":"https:\/\/www.chateau-brown.com\/en\/wp-json\/wp\/v2\/comments?post=635"}],"version-history":[{"count":3,"href":"https:\/\/www.chateau-brown.com\/en\/wp-json\/wp\/v2\/pages\/635\/revisions"}],"predecessor-version":[{"id":4274,"href":"https:\/\/www.chateau-brown.com\/en\/wp-json\/wp\/v2\/pages\/635\/revisions\/4274"}],"wp:attachment":[{"href":"https:\/\/www.chateau-brown.com\/en\/wp-json\/wp\/v2\/media?parent=635"}],"wp:term":[{"taxonomy":"post_tag","embeddable":true,"href":"https:\/\/www.chateau-brown.com\/en\/wp-json\/wp\/v2\/tags?post=635"}],"curies":[{"name":"wp","href":"https:\/\/api.w.org\/{rel}","templated":true}]}}